{"id":9310,"date":"2025-04-08T23:00:42","date_gmt":"2025-04-08T20:00:42","guid":{"rendered":"https:\/\/orbit.com.tr\/sertifikalarimiz\/"},"modified":"2025-04-09T00:01:08","modified_gmt":"2025-04-08T21:01:08","slug":"sertifikalarimiz","status":"publish","type":"page","link":"https:\/\/orbit.com.tr\/ru\/sertifikalarimiz\/","title":{"rendered":"\u041d\u0430\u0448\u0438 \u0441\u0435\u0440\u0442\u0438\u0444\u0438\u043a\u0430\u0442\u044b"},"content":{"rendered":"<h2>2024 &#8212; 2025 Sertifikalar\u0131m\u0131z<\/h2>\n<ul>\n<li><a href=\"https:\/\/orbit.com.tr\/wp-content\/uploads\/2025\/04\/1_Basinc_Hatli_CIP_CE_Sertifikasi_2024-2025_ORBIT.pdf\" target=\"_blank\" rel=\"noopener\">Bas\u0131n\u00e7 Hatl\u0131 CIP CE Sertifikas\u0131 &#8212; 2024\u20132025<\/a><\/li>\n<li><a href=\"https:\/\/orbit.com.tr\/wp-content\/uploads\/2025\/04\/Sicak_Dolum_Pastorizatoru_CE_Sertifikasi_2024-2025_581.pdf\" target=\"_blank\" rel=\"noopener\">S\u0131cak Dolum Past\u00f6rizat\u00f6r\u00fc CE Sertifikas\u0131 &#8212; 2024\u20132025<\/a><\/li>\n<li><a href=\"https:\/\/orbit.com.tr\/wp-content\/uploads\/2025\/04\/Aseptik_Saklama_ve_Yonlendirme_Sistemi_CE_Sertifikasi_2024-2025_ORBIT_3208.pdf\" target=\"_blank\" rel=\"noopener\">Aseptik Saklama ve Y\u00f6nlendirme Sistemi CE Sertifikas\u0131 &#8212; 2024\u20132025<\/a><\/li>\n<li><a href=\"https:\/\/orbit.com.tr\/wp-content\/uploads\/2025\/04\/UHT_Sut_Sterilizatorleri_CE_Sertifikasi_2024-2025_2964.pdf\" target=\"_blank\" rel=\"noopener\">UHT S\u00fct Sterilizat\u00f6rleri CE Sertifikas\u0131 &#8212; 2024\u20132025<\/a><\/li>\n<li><a href=\"https:\/\/orbit.com.tr\/wp-content\/uploads\/2025\/04\/Peynir_Dolum_Makinesi_CE_Sertifikasi_2024-2025_2507.pdf\" target=\"_blank\" rel=\"noopener\">Peynir Dolum Makinesi CE Sertifikas\u0131 &#8212; 2024\u20132025<\/a><\/li>\n<\/ul>\n","protected":false},"excerpt":{"rendered":"<p>2024 &#8212; 2025 Sertifikalar\u0131m\u0131z Bas\u0131n\u00e7 Hatl\u0131 CIP CE Sertifikas\u0131 &#8212; 2024\u20132025 S\u0131cak Dolum Past\u00f6rizat\u00f6r\u00fc CE Sertifikas\u0131 &#8212; 2024\u20132025 Aseptik Saklama ve Y\u00f6nlendirme Sistemi CE Sertifikas\u0131 &#8212; 2024\u20132025 UHT S\u00fct Sterilizat\u00f6rleri CE Sertifikas\u0131 &#8212; 2024\u20132025 Peynir Dolum Makinesi CE Sertifikas\u0131 &#8212; 2024\u20132025<\/p>\n","protected":false},"author":1,"featured_media":0,"parent":0,"menu_order":0,"comment_status":"closed","ping_status":"closed","template":"template-certificates-ee.php","meta":{"footnotes":""},"yoast_head":"<!-- This site is optimized with the Yoast SEO plugin v21.8 - https:\/\/yoast.com\/wordpress\/plugins\/seo\/ -->\n<title>\u041d\u0430\u0448\u0438 \u0441\u0435\u0440\u0442\u0438\u0444\u0438\u043a\u0430\u0442\u044b - Orbit M\u00fchendislik<\/title>\n<meta name=\"robots\" content=\"index, follow, max-snippet:-1, max-image-preview:large, max-video-preview:-1\" \/>\n<link rel=\"canonical\" href=\"https:\/\/orbit.com.tr\/ru\/sertifikalarimiz\/\" \/>\n<meta property=\"og:locale\" content=\"ru_RU\" \/>\n<meta property=\"og:type\" content=\"article\" \/>\n<meta property=\"og:title\" content=\"\u041d\u0430\u0448\u0438 \u0441\u0435\u0440\u0442\u0438\u0444\u0438\u043a\u0430\u0442\u044b - Orbit M\u00fchendislik\" \/>\n<meta property=\"og:description\" content=\"2024 &#8212; 2025 Sertifikalar\u0131m\u0131z Bas\u0131n\u00e7 Hatl\u0131 CIP CE Sertifikas\u0131 &#8212; 2024\u20132025 S\u0131cak Dolum Past\u00f6rizat\u00f6r\u00fc CE Sertifikas\u0131 &#8212; 2024\u20132025 Aseptik Saklama ve Y\u00f6nlendirme Sistemi CE Sertifikas\u0131 &#8212; 2024\u20132025 UHT S\u00fct Sterilizat\u00f6rleri CE Sertifikas\u0131 &#8212; 2024\u20132025 Peynir Dolum Makinesi CE Sertifikas\u0131 &#8212; 2024\u20132025\" \/>\n<meta property=\"og:url\" content=\"https:\/\/orbit.com.tr\/ru\/sertifikalarimiz\/\" \/>\n<meta property=\"og:site_name\" content=\"Orbit M\u00fchendislik\" \/>\n<meta property=\"article:modified_time\" content=\"2025-04-08T21:01:08+00:00\" \/>\n<meta name=\"twitter:card\" content=\"summary_large_image\" \/>\n<script type=\"application\/ld+json\" class=\"yoast-schema-graph\">{\"@context\":\"https:\/\/schema.org\",\"@graph\":[{\"@type\":\"WebPage\",\"@id\":\"https:\/\/orbit.com.tr\/ru\/sertifikalarimiz\/\",\"url\":\"https:\/\/orbit.com.tr\/ru\/sertifikalarimiz\/\",\"name\":\"\u041d\u0430\u0448\u0438 \u0441\u0435\u0440\u0442\u0438\u0444\u0438\u043a\u0430\u0442\u044b - Orbit M\u00fchendislik\",\"isPartOf\":{\"@id\":\"http:\/\/orbit.com.tr\/ru\/#website\"},\"datePublished\":\"2025-04-08T20:00:42+00:00\",\"dateModified\":\"2025-04-08T21:01:08+00:00\",\"breadcrumb\":{\"@id\":\"https:\/\/orbit.com.tr\/ru\/sertifikalarimiz\/#breadcrumb\"},\"inLanguage\":\"ru-RU\",\"potentialAction\":[{\"@type\":\"ReadAction\",\"target\":[\"https:\/\/orbit.com.tr\/ru\/sertifikalarimiz\/\"]}]},{\"@type\":\"BreadcrumbList\",\"@id\":\"https:\/\/orbit.com.tr\/ru\/sertifikalarimiz\/#breadcrumb\",\"itemListElement\":[{\"@type\":\"ListItem\",\"position\":1,\"name\":\"Ana sayfa\",\"item\":\"https:\/\/orbit.com.tr\/ru\/ana-sayfa\/\"},{\"@type\":\"ListItem\",\"position\":2,\"name\":\"\u041d\u0430\u0448\u0438 \u0441\u0435\u0440\u0442\u0438\u0444\u0438\u043a\u0430\u0442\u044b\"}]},{\"@type\":\"WebSite\",\"@id\":\"http:\/\/orbit.com.tr\/ru\/#website\",\"url\":\"http:\/\/orbit.com.tr\/ru\/\",\"name\":\"Orbit M\u00fchendislik\",\"description\":\"Cutting Edge Solutions\",\"potentialAction\":[{\"@type\":\"SearchAction\",\"target\":{\"@type\":\"EntryPoint\",\"urlTemplate\":\"http:\/\/orbit.com.tr\/ru\/?s={search_term_string}\"},\"query-input\":\"required name=search_term_string\"}],\"inLanguage\":\"ru-RU\"}]}<\/script>\n<!-- \/ Yoast SEO plugin. -->","yoast_head_json":{"title":"\u041d\u0430\u0448\u0438 \u0441\u0435\u0440\u0442\u0438\u0444\u0438\u043a\u0430\u0442\u044b - Orbit M\u00fchendislik","robots":{"index":"index","follow":"follow","max-snippet":"max-snippet:-1","max-image-preview":"max-image-preview:large","max-video-preview":"max-video-preview:-1"},"canonical":"https:\/\/orbit.com.tr\/ru\/sertifikalarimiz\/","og_locale":"ru_RU","og_type":"article","og_title":"\u041d\u0430\u0448\u0438 \u0441\u0435\u0440\u0442\u0438\u0444\u0438\u043a\u0430\u0442\u044b - Orbit M\u00fchendislik","og_description":"2024 &#8212; 2025 Sertifikalar\u0131m\u0131z Bas\u0131n\u00e7 Hatl\u0131 CIP CE Sertifikas\u0131 &#8212; 2024\u20132025 S\u0131cak Dolum Past\u00f6rizat\u00f6r\u00fc CE Sertifikas\u0131 &#8212; 2024\u20132025 Aseptik Saklama ve Y\u00f6nlendirme Sistemi CE Sertifikas\u0131 &#8212; 2024\u20132025 UHT S\u00fct Sterilizat\u00f6rleri CE Sertifikas\u0131 &#8212; 2024\u20132025 Peynir Dolum Makinesi CE Sertifikas\u0131 &#8212; 2024\u20132025","og_url":"https:\/\/orbit.com.tr\/ru\/sertifikalarimiz\/","og_site_name":"Orbit M\u00fchendislik","article_modified_time":"2025-04-08T21:01:08+00:00","twitter_card":"summary_large_image","schema":{"@context":"https:\/\/schema.org","@graph":[{"@type":"WebPage","@id":"https:\/\/orbit.com.tr\/ru\/sertifikalarimiz\/","url":"https:\/\/orbit.com.tr\/ru\/sertifikalarimiz\/","name":"\u041d\u0430\u0448\u0438 \u0441\u0435\u0440\u0442\u0438\u0444\u0438\u043a\u0430\u0442\u044b - Orbit M\u00fchendislik","isPartOf":{"@id":"http:\/\/orbit.com.tr\/ru\/#website"},"datePublished":"2025-04-08T20:00:42+00:00","dateModified":"2025-04-08T21:01:08+00:00","breadcrumb":{"@id":"https:\/\/orbit.com.tr\/ru\/sertifikalarimiz\/#breadcrumb"},"inLanguage":"ru-RU","potentialAction":[{"@type":"ReadAction","target":["https:\/\/orbit.com.tr\/ru\/sertifikalarimiz\/"]}]},{"@type":"BreadcrumbList","@id":"https:\/\/orbit.com.tr\/ru\/sertifikalarimiz\/#breadcrumb","itemListElement":[{"@type":"ListItem","position":1,"name":"Ana sayfa","item":"https:\/\/orbit.com.tr\/ru\/ana-sayfa\/"},{"@type":"ListItem","position":2,"name":"\u041d\u0430\u0448\u0438 \u0441\u0435\u0440\u0442\u0438\u0444\u0438\u043a\u0430\u0442\u044b"}]},{"@type":"WebSite","@id":"http:\/\/orbit.com.tr\/ru\/#website","url":"http:\/\/orbit.com.tr\/ru\/","name":"Orbit M\u00fchendislik","description":"Cutting Edge Solutions","potentialAction":[{"@type":"SearchAction","target":{"@type":"EntryPoint","urlTemplate":"http:\/\/orbit.com.tr\/ru\/?s={search_term_string}"},"query-input":"required name=search_term_string"}],"inLanguage":"ru-RU"}]}},"_links":{"self":[{"href":"https:\/\/orbit.com.tr\/ru\/wp-json\/wp\/v2\/pages\/9310"}],"collection":[{"href":"https:\/\/orbit.com.tr\/ru\/wp-json\/wp\/v2\/pages"}],"about":[{"href":"https:\/\/orbit.com.tr\/ru\/wp-json\/wp\/v2\/types\/page"}],"author":[{"embeddable":true,"href":"https:\/\/orbit.com.tr\/ru\/wp-json\/wp\/v2\/users\/1"}],"replies":[{"embeddable":true,"href":"https:\/\/orbit.com.tr\/ru\/wp-json\/wp\/v2\/comments?post=9310"}],"version-history":[{"count":15,"href":"https:\/\/orbit.com.tr\/ru\/wp-json\/wp\/v2\/pages\/9310\/revisions"}],"predecessor-version":[{"id":9502,"href":"https:\/\/orbit.com.tr\/ru\/wp-json\/wp\/v2\/pages\/9310\/revisions\/9502"}],"wp:attachment":[{"href":"https:\/\/orbit.com.tr\/ru\/wp-json\/wp\/v2\/media?parent=9310"}],"curies":[{"name":"wp","href":"https:\/\/api.w.org\/{rel}","templated":true}]}}