{"id":9308,"date":"2023-10-10T22:43:29","date_gmt":"2023-10-10T19:43:29","guid":{"rendered":"https:\/\/orbit.com.tr\/meyve-suyu-surup-hazirlama-sistemleri\/"},"modified":"2023-11-25T18:46:14","modified_gmt":"2023-11-25T15:46:14","slug":"%d1%81%d0%b8%d1%81%d1%82%d0%b5%d0%bc%d1%8b-%d0%bf%d1%80%d0%b8%d0%b3%d0%be%d1%82%d0%be%d0%b2%d0%bb%d0%b5%d0%bd%d0%b8%d1%8f-%d1%84%d1%80%d1%83%d0%ba%d1%82%d0%be%d0%b2%d1%8b%d1%85-%d1%81%d0%be%d0%ba","status":"publish","type":"page","link":"https:\/\/orbit.com.tr\/ru\/%d1%81%d0%b8%d1%81%d1%82%d0%b5%d0%bc%d1%8b-%d0%bf%d1%80%d0%b8%d0%b3%d0%be%d1%82%d0%be%d0%b2%d0%bb%d0%b5%d0%bd%d0%b8%d1%8f-%d1%84%d1%80%d1%83%d0%ba%d1%82%d0%be%d0%b2%d1%8b%d1%85-%d1%81%d0%be%d0%ba\/","title":{"rendered":"\u0421\u0438\u0441\u0442\u0435\u043c\u044b \u043f\u0440\u0438\u0433\u043e\u0442\u043e\u0432\u043b\u0435\u043d\u0438\u044f \u0444\u0440\u0443\u043a\u0442\u043e\u0432\u044b\u0445 \u0441\u043e\u043a\u043e\u0432\/\u0441\u0438\u0440\u043e\u043f\u043e\u0432"},"content":{"rendered":"<p>Past\u00f6rizasyon \u00f6ncesi meyve suyu ve nektar gibi \u00fcr\u00fcnlerin haz\u0131rlanmas\u0131 i\u00e7in dizayn edilmi\u015f bir sistemdir. Re\u00e7eteye g\u00f6re do\u011fru oranlarda \u015feker \u015furubu, meyve konsantresi, su ve asitlik d\u00fczenleyicilerin kar\u0131\u015ft\u0131r\u0131lmas\u0131 i\u00e7in \u00e7al\u0131\u015fan tam otomatik bir sistemdir. \u00dcr\u00fcn final \u015furup tanklar\u0131nda past\u00f6rizasyona haz\u0131r hale getirilir.<\/p>\n","protected":false},"excerpt":{"rendered":"<p>Past\u00f6rizasyon \u00f6ncesi meyve suyu ve nektar gibi \u00fcr\u00fcnlerin haz\u0131rlanmas\u0131 i\u00e7in dizayn edilmi\u015f bir sistemdir. Re\u00e7eteye g\u00f6re do\u011fru oranlarda \u015feker \u015furubu, meyve konsantresi, su ve asitlik d\u00fczenleyicilerin kar\u0131\u015ft\u0131r\u0131lmas\u0131 i\u00e7in \u00e7al\u0131\u015fan tam otomatik bir sistemdir. \u00dcr\u00fcn final \u015furup tanklar\u0131nda past\u00f6rizasyona haz\u0131r hale getirilir.<\/p>\n","protected":false},"author":1,"featured_media":0,"parent":0,"menu_order":0,"comment_status":"closed","ping_status":"closed","template":"page-meyve.php","meta":{"footnotes":""},"yoast_head":"<!-- This site is optimized with the Yoast SEO plugin v21.8 - https:\/\/yoast.com\/wordpress\/plugins\/seo\/ -->\n<title>\u0421\u0438\u0441\u0442\u0435\u043c\u044b \u043f\u0440\u0438\u0433\u043e\u0442\u043e\u0432\u043b\u0435\u043d\u0438\u044f \u0444\u0440\u0443\u043a\u0442\u043e\u0432\u044b\u0445 \u0441\u043e\u043a\u043e\u0432\/\u0441\u0438\u0440\u043e\u043f\u043e\u0432 - Orbit M\u00fchendislik<\/title>\n<meta name=\"robots\" content=\"index, follow, max-snippet:-1, max-image-preview:large, max-video-preview:-1\" \/>\n<link rel=\"canonical\" href=\"https:\/\/orbit.com.tr\/ru\/%d1%81%d0%b8%d1%81%d1%82%d0%b5%d0%bc%d1%8b-%d0%bf%d1%80%d0%b8%d0%b3%d0%be%d1%82%d0%be%d0%b2%d0%bb%d0%b5%d0%bd%d0%b8%d1%8f-%d1%84%d1%80%d1%83%d0%ba%d1%82%d0%be%d0%b2%d1%8b%d1%85-%d1%81%d0%be%d0%ba\/\" \/>\n<meta property=\"og:locale\" content=\"ru_RU\" \/>\n<meta property=\"og:type\" content=\"article\" \/>\n<meta property=\"og:title\" content=\"\u0421\u0438\u0441\u0442\u0435\u043c\u044b \u043f\u0440\u0438\u0433\u043e\u0442\u043e\u0432\u043b\u0435\u043d\u0438\u044f \u0444\u0440\u0443\u043a\u0442\u043e\u0432\u044b\u0445 \u0441\u043e\u043a\u043e\u0432\/\u0441\u0438\u0440\u043e\u043f\u043e\u0432 - Orbit M\u00fchendislik\" \/>\n<meta property=\"og:description\" content=\"Past\u00f6rizasyon \u00f6ncesi meyve suyu ve nektar gibi \u00fcr\u00fcnlerin haz\u0131rlanmas\u0131 i\u00e7in dizayn edilmi\u015f bir sistemdir. Re\u00e7eteye g\u00f6re do\u011fru oranlarda \u015feker \u015furubu, meyve konsantresi, su ve asitlik d\u00fczenleyicilerin kar\u0131\u015ft\u0131r\u0131lmas\u0131 i\u00e7in \u00e7al\u0131\u015fan tam otomatik bir sistemdir. \u00dcr\u00fcn final \u015furup tanklar\u0131nda past\u00f6rizasyona haz\u0131r hale getirilir.\" \/>\n<meta property=\"og:url\" content=\"https:\/\/orbit.com.tr\/ru\/%d1%81%d0%b8%d1%81%d1%82%d0%b5%d0%bc%d1%8b-%d0%bf%d1%80%d0%b8%d0%b3%d0%be%d1%82%d0%be%d0%b2%d0%bb%d0%b5%d0%bd%d0%b8%d1%8f-%d1%84%d1%80%d1%83%d0%ba%d1%82%d0%be%d0%b2%d1%8b%d1%85-%d1%81%d0%be%d0%ba\/\" \/>\n<meta property=\"og:site_name\" content=\"Orbit M\u00fchendislik\" \/>\n<meta property=\"article:modified_time\" content=\"2023-11-25T15:46:14+00:00\" \/>\n<meta name=\"twitter:card\" content=\"summary_large_image\" \/>\n<script type=\"application\/ld+json\" class=\"yoast-schema-graph\">{\"@context\":\"https:\/\/schema.org\",\"@graph\":[{\"@type\":\"WebPage\",\"@id\":\"https:\/\/orbit.com.tr\/ru\/%d1%81%d0%b8%d1%81%d1%82%d0%b5%d0%bc%d1%8b-%d0%bf%d1%80%d0%b8%d0%b3%d0%be%d1%82%d0%be%d0%b2%d0%bb%d0%b5%d0%bd%d0%b8%d1%8f-%d1%84%d1%80%d1%83%d0%ba%d1%82%d0%be%d0%b2%d1%8b%d1%85-%d1%81%d0%be%d0%ba\/\",\"url\":\"https:\/\/orbit.com.tr\/ru\/%d1%81%d0%b8%d1%81%d1%82%d0%b5%d0%bc%d1%8b-%d0%bf%d1%80%d0%b8%d0%b3%d0%be%d1%82%d0%be%d0%b2%d0%bb%d0%b5%d0%bd%d0%b8%d1%8f-%d1%84%d1%80%d1%83%d0%ba%d1%82%d0%be%d0%b2%d1%8b%d1%85-%d1%81%d0%be%d0%ba\/\",\"name\":\"\u0421\u0438\u0441\u0442\u0435\u043c\u044b \u043f\u0440\u0438\u0433\u043e\u0442\u043e\u0432\u043b\u0435\u043d\u0438\u044f \u0444\u0440\u0443\u043a\u0442\u043e\u0432\u044b\u0445 \u0441\u043e\u043a\u043e\u0432\/\u0441\u0438\u0440\u043e\u043f\u043e\u0432 - Orbit M\u00fchendislik\",\"isPartOf\":{\"@id\":\"http:\/\/orbit.com.tr\/ru\/#website\"},\"datePublished\":\"2023-10-10T19:43:29+00:00\",\"dateModified\":\"2023-11-25T15:46:14+00:00\",\"breadcrumb\":{\"@id\":\"https:\/\/orbit.com.tr\/ru\/%d1%81%d0%b8%d1%81%d1%82%d0%b5%d0%bc%d1%8b-%d0%bf%d1%80%d0%b8%d0%b3%d0%be%d1%82%d0%be%d0%b2%d0%bb%d0%b5%d0%bd%d0%b8%d1%8f-%d1%84%d1%80%d1%83%d0%ba%d1%82%d0%be%d0%b2%d1%8b%d1%85-%d1%81%d0%be%d0%ba\/#breadcrumb\"},\"inLanguage\":\"ru-RU\",\"potentialAction\":[{\"@type\":\"ReadAction\",\"target\":[\"https:\/\/orbit.com.tr\/ru\/%d1%81%d0%b8%d1%81%d1%82%d0%b5%d0%bc%d1%8b-%d0%bf%d1%80%d0%b8%d0%b3%d0%be%d1%82%d0%be%d0%b2%d0%bb%d0%b5%d0%bd%d0%b8%d1%8f-%d1%84%d1%80%d1%83%d0%ba%d1%82%d0%be%d0%b2%d1%8b%d1%85-%d1%81%d0%be%d0%ba\/\"]}]},{\"@type\":\"BreadcrumbList\",\"@id\":\"https:\/\/orbit.com.tr\/ru\/%d1%81%d0%b8%d1%81%d1%82%d0%b5%d0%bc%d1%8b-%d0%bf%d1%80%d0%b8%d0%b3%d0%be%d1%82%d0%be%d0%b2%d0%bb%d0%b5%d0%bd%d0%b8%d1%8f-%d1%84%d1%80%d1%83%d0%ba%d1%82%d0%be%d0%b2%d1%8b%d1%85-%d1%81%d0%be%d0%ba\/#breadcrumb\",\"itemListElement\":[{\"@type\":\"ListItem\",\"position\":1,\"name\":\"Ana sayfa\",\"item\":\"https:\/\/orbit.com.tr\/ru\/ana-sayfa\/\"},{\"@type\":\"ListItem\",\"position\":2,\"name\":\"\u0421\u0438\u0441\u0442\u0435\u043c\u044b \u043f\u0440\u0438\u0433\u043e\u0442\u043e\u0432\u043b\u0435\u043d\u0438\u044f \u0444\u0440\u0443\u043a\u0442\u043e\u0432\u044b\u0445 \u0441\u043e\u043a\u043e\u0432\/\u0441\u0438\u0440\u043e\u043f\u043e\u0432\"}]},{\"@type\":\"WebSite\",\"@id\":\"http:\/\/orbit.com.tr\/ru\/#website\",\"url\":\"http:\/\/orbit.com.tr\/ru\/\",\"name\":\"Orbit M\u00fchendislik\",\"description\":\"Cutting Edge Solutions\",\"potentialAction\":[{\"@type\":\"SearchAction\",\"target\":{\"@type\":\"EntryPoint\",\"urlTemplate\":\"http:\/\/orbit.com.tr\/ru\/?s={search_term_string}\"},\"query-input\":\"required name=search_term_string\"}],\"inLanguage\":\"ru-RU\"}]}<\/script>\n<!-- \/ Yoast SEO plugin. -->","yoast_head_json":{"title":"\u0421\u0438\u0441\u0442\u0435\u043c\u044b \u043f\u0440\u0438\u0433\u043e\u0442\u043e\u0432\u043b\u0435\u043d\u0438\u044f \u0444\u0440\u0443\u043a\u0442\u043e\u0432\u044b\u0445 \u0441\u043e\u043a\u043e\u0432\/\u0441\u0438\u0440\u043e\u043f\u043e\u0432 - Orbit M\u00fchendislik","robots":{"index":"index","follow":"follow","max-snippet":"max-snippet:-1","max-image-preview":"max-image-preview:large","max-video-preview":"max-video-preview:-1"},"canonical":"https:\/\/orbit.com.tr\/ru\/%d1%81%d0%b8%d1%81%d1%82%d0%b5%d0%bc%d1%8b-%d0%bf%d1%80%d0%b8%d0%b3%d0%be%d1%82%d0%be%d0%b2%d0%bb%d0%b5%d0%bd%d0%b8%d1%8f-%d1%84%d1%80%d1%83%d0%ba%d1%82%d0%be%d0%b2%d1%8b%d1%85-%d1%81%d0%be%d0%ba\/","og_locale":"ru_RU","og_type":"article","og_title":"\u0421\u0438\u0441\u0442\u0435\u043c\u044b \u043f\u0440\u0438\u0433\u043e\u0442\u043e\u0432\u043b\u0435\u043d\u0438\u044f \u0444\u0440\u0443\u043a\u0442\u043e\u0432\u044b\u0445 \u0441\u043e\u043a\u043e\u0432\/\u0441\u0438\u0440\u043e\u043f\u043e\u0432 - Orbit M\u00fchendislik","og_description":"Past\u00f6rizasyon \u00f6ncesi meyve suyu ve nektar gibi \u00fcr\u00fcnlerin haz\u0131rlanmas\u0131 i\u00e7in dizayn edilmi\u015f bir sistemdir. Re\u00e7eteye g\u00f6re do\u011fru oranlarda \u015feker \u015furubu, meyve konsantresi, su ve asitlik d\u00fczenleyicilerin kar\u0131\u015ft\u0131r\u0131lmas\u0131 i\u00e7in \u00e7al\u0131\u015fan tam otomatik bir sistemdir. \u00dcr\u00fcn final \u015furup tanklar\u0131nda past\u00f6rizasyona haz\u0131r hale getirilir.","og_url":"https:\/\/orbit.com.tr\/ru\/%d1%81%d0%b8%d1%81%d1%82%d0%b5%d0%bc%d1%8b-%d0%bf%d1%80%d0%b8%d0%b3%d0%be%d1%82%d0%be%d0%b2%d0%bb%d0%b5%d0%bd%d0%b8%d1%8f-%d1%84%d1%80%d1%83%d0%ba%d1%82%d0%be%d0%b2%d1%8b%d1%85-%d1%81%d0%be%d0%ba\/","og_site_name":"Orbit M\u00fchendislik","article_modified_time":"2023-11-25T15:46:14+00:00","twitter_card":"summary_large_image","schema":{"@context":"https:\/\/schema.org","@graph":[{"@type":"WebPage","@id":"https:\/\/orbit.com.tr\/ru\/%d1%81%d0%b8%d1%81%d1%82%d0%b5%d0%bc%d1%8b-%d0%bf%d1%80%d0%b8%d0%b3%d0%be%d1%82%d0%be%d0%b2%d0%bb%d0%b5%d0%bd%d0%b8%d1%8f-%d1%84%d1%80%d1%83%d0%ba%d1%82%d0%be%d0%b2%d1%8b%d1%85-%d1%81%d0%be%d0%ba\/","url":"https:\/\/orbit.com.tr\/ru\/%d1%81%d0%b8%d1%81%d1%82%d0%b5%d0%bc%d1%8b-%d0%bf%d1%80%d0%b8%d0%b3%d0%be%d1%82%d0%be%d0%b2%d0%bb%d0%b5%d0%bd%d0%b8%d1%8f-%d1%84%d1%80%d1%83%d0%ba%d1%82%d0%be%d0%b2%d1%8b%d1%85-%d1%81%d0%be%d0%ba\/","name":"\u0421\u0438\u0441\u0442\u0435\u043c\u044b \u043f\u0440\u0438\u0433\u043e\u0442\u043e\u0432\u043b\u0435\u043d\u0438\u044f \u0444\u0440\u0443\u043a\u0442\u043e\u0432\u044b\u0445 \u0441\u043e\u043a\u043e\u0432\/\u0441\u0438\u0440\u043e\u043f\u043e\u0432 - Orbit M\u00fchendislik","isPartOf":{"@id":"http:\/\/orbit.com.tr\/ru\/#website"},"datePublished":"2023-10-10T19:43:29+00:00","dateModified":"2023-11-25T15:46:14+00:00","breadcrumb":{"@id":"https:\/\/orbit.com.tr\/ru\/%d1%81%d0%b8%d1%81%d1%82%d0%b5%d0%bc%d1%8b-%d0%bf%d1%80%d0%b8%d0%b3%d0%be%d1%82%d0%be%d0%b2%d0%bb%d0%b5%d0%bd%d0%b8%d1%8f-%d1%84%d1%80%d1%83%d0%ba%d1%82%d0%be%d0%b2%d1%8b%d1%85-%d1%81%d0%be%d0%ba\/#breadcrumb"},"inLanguage":"ru-RU","potentialAction":[{"@type":"ReadAction","target":["https:\/\/orbit.com.tr\/ru\/%d1%81%d0%b8%d1%81%d1%82%d0%b5%d0%bc%d1%8b-%d0%bf%d1%80%d0%b8%d0%b3%d0%be%d1%82%d0%be%d0%b2%d0%bb%d0%b5%d0%bd%d0%b8%d1%8f-%d1%84%d1%80%d1%83%d0%ba%d1%82%d0%be%d0%b2%d1%8b%d1%85-%d1%81%d0%be%d0%ba\/"]}]},{"@type":"BreadcrumbList","@id":"https:\/\/orbit.com.tr\/ru\/%d1%81%d0%b8%d1%81%d1%82%d0%b5%d0%bc%d1%8b-%d0%bf%d1%80%d0%b8%d0%b3%d0%be%d1%82%d0%be%d0%b2%d0%bb%d0%b5%d0%bd%d0%b8%d1%8f-%d1%84%d1%80%d1%83%d0%ba%d1%82%d0%be%d0%b2%d1%8b%d1%85-%d1%81%d0%be%d0%ba\/#breadcrumb","itemListElement":[{"@type":"ListItem","position":1,"name":"Ana sayfa","item":"https:\/\/orbit.com.tr\/ru\/ana-sayfa\/"},{"@type":"ListItem","position":2,"name":"\u0421\u0438\u0441\u0442\u0435\u043c\u044b \u043f\u0440\u0438\u0433\u043e\u0442\u043e\u0432\u043b\u0435\u043d\u0438\u044f \u0444\u0440\u0443\u043a\u0442\u043e\u0432\u044b\u0445 \u0441\u043e\u043a\u043e\u0432\/\u0441\u0438\u0440\u043e\u043f\u043e\u0432"}]},{"@type":"WebSite","@id":"http:\/\/orbit.com.tr\/ru\/#website","url":"http:\/\/orbit.com.tr\/ru\/","name":"Orbit M\u00fchendislik","description":"Cutting Edge Solutions","potentialAction":[{"@type":"SearchAction","target":{"@type":"EntryPoint","urlTemplate":"http:\/\/orbit.com.tr\/ru\/?s={search_term_string}"},"query-input":"required name=search_term_string"}],"inLanguage":"ru-RU"}]}},"_links":{"self":[{"href":"https:\/\/orbit.com.tr\/ru\/wp-json\/wp\/v2\/pages\/9308"}],"collection":[{"href":"https:\/\/orbit.com.tr\/ru\/wp-json\/wp\/v2\/pages"}],"about":[{"href":"https:\/\/orbit.com.tr\/ru\/wp-json\/wp\/v2\/types\/page"}],"author":[{"embeddable":true,"href":"https:\/\/orbit.com.tr\/ru\/wp-json\/wp\/v2\/users\/1"}],"replies":[{"embeddable":true,"href":"https:\/\/orbit.com.tr\/ru\/wp-json\/wp\/v2\/comments?post=9308"}],"version-history":[{"count":1,"href":"https:\/\/orbit.com.tr\/ru\/wp-json\/wp\/v2\/pages\/9308\/revisions"}],"predecessor-version":[{"id":9317,"href":"https:\/\/orbit.com.tr\/ru\/wp-json\/wp\/v2\/pages\/9308\/revisions\/9317"}],"wp:attachment":[{"href":"https:\/\/orbit.com.tr\/ru\/wp-json\/wp\/v2\/media?parent=9308"}],"curies":[{"name":"wp","href":"https:\/\/api.w.org\/{rel}","templated":true}]}}